{"id":451703,"date":"2014-02-23T17:34:09","date_gmt":"2014-02-23T17:34:09","guid":{"rendered":"https:\/\/2014.prague.wordcamp.org\/?page_id=451703"},"modified":"2014-04-01T19:18:51","modified_gmt":"2014-04-01T19:18:51","slug":"napsali-o-nas","status":"publish","type":"page","link":"https:\/\/prague.wordcamp.org\/2014\/napsali-o-nas\/","title":{"rendered":"Napsali o WordCampu"},"content":{"rendered":"<p><strong>Jak\u00fd byl WordCamp Praha 2014<\/strong><br \/>\nV sobotu 22. \u00fanora 2014 prob\u011bhla prvn\u00ed \u010desk\u00e1 konference v\u011bnovan\u00e1 jen WordPressu. Bylo na \u010dase. Ne\u0161lo jen o samotou konferenci, ale o mnoho d\u016fle\u017eit\u011bj\u0161\u00edch v\u011bc\u00ed.<br \/>\n<a title=\"jaky-byl-wordcamp-praha-2014\" href=\"http:\/\/www.e-ott.info\/2014\/02\/22\/jaky-byl-wordcamp-praha-2014\" target=\"_blank\">e-ott.info<\/a><\/p>\n<p><strong>Report: WordCamp Prague 2014<\/strong><br \/>\nPra\u017esk\u00fd WordCamp 2014 bylo setk\u00e1n\u00ed v\u0161ech p\u0159\u00edznivc\u016f redak\u010dn\u00edho syst\u00e9mu WordPress, kter\u00fd nap\u0159\u00edklad i j\u00e1 pou\u017e\u00edv\u00e1m na sv\u00e9m blogu. Se\u0161ly se zde \u0161pi\u010dky v oboru SEO, jako je nap\u0159\u00edklad Pavel Ungr, Marek Prokop a dal\u0161\u00ed.<br \/>\n<a title=\"WordCamp Praha 2014\" href=\"http:\/\/www.itefektivne.cz\/archives\/1993\" target=\"_blank\">itefektivne.cz<\/a><\/p>\n<p><strong>Nem\u011bli jste si nechat uj\u00edt prvn\u00ed Wordcamp v Praze<\/strong><br \/>\nKonference se konala 22. \u00fanora v pra\u017esk\u00e9m coworkingu HUB \u2013 obsah byl rozd\u011blen na dv\u011b \u010d\u00e1sti (pro laiky x v\u00fdvoj\u00e1\u0159e). Jednalo se o prvn\u00ed Wordcamp po\u0159\u00e1dan\u00fd v \u010cR.<br \/>\n<a href=\"http:\/\/blog.ondrejmartinek.cz\/wordpress-a-affiliate-na-wordcampu-2014-v-praze\/\">Ond\u0159ej Martinek<\/a><\/p>\n<p><strong>Dojmy z pra\u017esk\u00e9ho WordCampu 2014<\/strong><br \/>\nKonference v\u011bnovan\u00e1 redak\u010dn\u00edmu syst\u00e9mu WordPress prob\u011bhla v sobotu 22. 2. 2014 v prostor\u00e1ch Impact HUBu na Sm\u00edchov\u011b.<br \/>\n<a href=\"http:\/\/www.kocman.info\/blog\/dojmy-z-prazskeho-wordcampu-2014-1278\/\">Kocman.info<\/a><\/p>\n<p><strong>Jak\u00fd byl prvn\u00ed \u010desk\u00fd WordCamp?<\/strong><br \/>\nPrvn\u00ed \u010desk\u00fd WordCamp bude ur\u010dit\u011b je\u0161t\u011b hodnocen z mnoha r\u016fzn\u00fdch hledisek, tak\u017ee zat\u00edm jenom stru\u010dn\u00e9 shrnut\u00ed ohlas\u016f ze soci\u00e1ln\u00edch s\u00edt\u00ed. Hlavn\u00ed c\u00edl byl ale ka\u017edop\u00e1dn\u011b spln\u011bn..<br \/>\n<a href=\"http:\/\/www.separatista.net\/wordpress\/jaky-byl-prvni-cesky-wordcamp\" target=\"_blank\">separatista.net<\/a><\/p>\n<p><strong>WordCamp Prague 2014 &#8211; moc dobr\u00fd bagety<\/strong><br \/>\nWordCamp se v \u010cR konal poprv\u00e9, a \u017ee bylo na\u010dase. WordPress je ve sv\u011bt\u011b u\u017e n\u011bjakou dobu nejv\u00edc trendy, hit a chic kladivo na weby jak\u00e9koli velikosti i zam\u011b\u0159en\u00ed.<br \/>\n<a href=\"https:\/\/www.facebook.com\/notes\/jaroslav-polakovi%C4%8D\/wordcamp-prague-2014-moc-dobr%C3%BD-bagety\/10152014432013235\" target=\"_blank\">Jaroslav Polakovi\u010d<\/a><\/p>\n<p><strong>WordCamp Praha 2014 \u2013 WordPress konference pro u\u017eivatele i profesion\u00e1ly<\/strong><br \/>\n22. 2. 2014 se v Praze konal historicky prvn\u00ed WordCamp v \u010cesk\u00e9 republice. Jak je z titulku patrn\u00e9, jedn\u00e1 se o WordPress konferenci, kter\u00e1 m\u00e1 i ofici\u00e1ln\u00ed podporu z centr\u00e1ly WordCampu v USA.<br \/>\n<a title=\"wordpress-konference-pro-uzivatele-i-profesionaly\" href=\"http:\/\/www.matonoha.cz\/542-wordcamp-praha-2014-wordpress-konference-pro-uzivatele-i-profesionaly?a=b\" target=\"_blank\">matonoha.cz<\/a><\/p>\n<p><strong>Jak\u00fd byl prvn\u00ed \u010desk\u00fd WordCamp?<br \/>\n<\/strong>V sobotu 22. 2. 2014 se v Praze uskute\u010dnila poprv\u00e9 konference WordCamp, kter\u00e1 je zam\u011b\u0159ena na redak\u010dn\u00ed syst\u00e9m WordPress. WordCamp je celosv\u011btov\u00e1 konference, kter\u00e1 se kone\u010dn\u011b dostala i k n\u00e1m do \u010cesk\u00e9 republiky.<br \/>\n<a href=\"http:\/\/www.superkoderi.cz\/jaky-byl-prvni-cesky-wordcamp\" target=\"_blank\">superkoderi.cz<\/a><\/p>\n<p><strong>Premium \u0161ablona v\u017edy neznamen\u00e1 nejvy\u0161\u0161\u00ed kvalitu z pohledu pou\u017eitelnosti aneb jak funguj\u00ed n\u011bkte\u0159\u00ed develope\u0159i<\/strong><br \/>\nDne 24.2.2014 se konala konference WordCamp Praha 2014, kter\u00e1 je zam\u011b\u0159ena na redak\u010dn\u00ed syst\u00e9m WordPress. Konference byla rozd\u011blena na dva s\u00e1ly, pro u\u017eivatele a pro developery, ve kter\u00e9m jsem p\u0159edn\u00e1\u0161el.<br \/>\n<a title=\"premium-sablona-vzdy-neznamena-nejvyssi-kvalitu-z-pohledu-pouzitelnosti-aneb-jak-funguji-nekteri-developeri\" href=\"http:\/\/blog.kvasnickajan.cz\/premium-sablona-vzdy-neznamena-nejvyssi-kvalitu-z-pohledu-pouzitelnosti-aneb-jak-funguji-nekteri-developeri\/\" target=\"_blank\">kvasnickajan.cz<\/a><\/p>\n<p><strong>P\u00e1r post\u0159eh\u016f z WordCamp Praha 2014<\/strong><br \/>\nV\u00a0sobotu se konala zaj\u00edmav\u00e1 a mysl\u00edm, \u017ee velmi poveden\u00e1 akce WordCamp Praha 2014 ur\u010den\u00e1 p\u0159\u00edznivc\u016fm redak\u010dn\u00edho syst\u00e9mu WordPress. T\u00edmto \u010dl\u00e1nkem bych se r\u00e1d pod\u011blil o n\u011bkolik sv\u00fdch dojm\u016f z\u00a0cel\u00e9ho dne.<br \/>\n<a title=\"par-postrehu-z-wordcamp-praha-2014\" href=\"http:\/\/www.maxiorel.cz\/par-postrehu-z-wordcamp-praha-2014\" target=\"_blank\">maxiorel.cz<\/a><\/p>\n<p><strong>WordCamp 2014<br \/>\n<\/strong>WordCamp 2014 byl prvn\u00ed konferenc\u00ed v\u011bnovan\u00fd kompletn\u011b redak\u010dn\u00edmu syst\u00e9mu WordPress, kter\u00fd se konal v \u010cR. A\u010dkoliv byl po\u0159\u00e1d\u00e1n\u00a0fanou\u0161ky WordPressu, byl schv\u00e1len\u00fd a podporovan\u00fd\u00a0centr\u00e1lou WordCampu v USA.<br \/>\n<a href=\"http:\/\/www.lm-blog.cz\/wordcamp-2014\/\" target=\"_blank\">lm-blog.cz<\/a><\/p>\n<p><strong>Jak\u00fd byl WordPress Wordcamp<\/strong><br \/>\nMinul\u00fd t\u00fdden jsme se s Filipem z\u00fa\u010dastnili historicky prvn\u00edho WordCampu u n\u00e1s, kter\u00fd se konal v prostor\u00e1ch pra\u017esk\u00e9ho HUBu. Mus\u00edm \u0159\u00edct, \u017ee jsem byl mile p\u0159ekvapen jak vysokou \u00farovn\u00ed organizace, tak i osazenstvem a obsahem p\u0159edn\u00e1\u0161ek.<br \/>\n<a href=\"http:\/\/www.whitehat.cz\/jaky-byl-wordpress-wordcamp-2014\/\">www.whitehat.cz<\/a><\/p>\n<p><strong>Jak poprowadzi\u0107 prezentacj\u0119 po angielsku i nie umrze\u0107 ze strachu \u2013 WordCamp Praga<\/strong><br \/>\nAgnes Bury napsala \u010dl\u00e1nek o WordCampu ve sv\u00e9m rodn\u00e9m jazyce pol\u0161tin\u011b. Tak\u017ee poj\u010fte si procvi\u010dit pol\u0161tinu nebo pou\u017eijte Google Translator.<br \/>\n<a title=\"wordcamp-praga\" href=\"http:\/\/webfaces.pl\/blog\/jak-poprowadzic-prezentacje-po-angielsku-i-nie-umrzec-ze-strachu-wordcamp-praga\/\" target=\"_blank\">webfaces.pl<\/a><\/p>\n<p><strong>50 nejlep\u0161\u00edch SEO plugin\u016f pro WordPress na Wordcampu v Praze<\/strong><br \/>\nKdy\u017e mne organiz\u00e1to\u0159i prvn\u00edho pra\u017esk\u00e9ho Wordcampu pozvali p\u0159edn\u00e1\u0161et, rozhodl jsem se hovo\u0159it o t\u00e9matu, kter\u00e9 u\u017e dlouho \u0159e\u0161\u00edm. Jak vy\u0159e\u0161it v\u0161echny d\u016fle\u017eit\u00e9 aspekty on-page SEO ve WordPressu.<br \/>\n<a title=\"vyber-nejlepsich-seo-pluginu-wordcamp-praha\/\" href=\"http:\/\/blog.bloxxter.cz\/vyber-nejlepsich-seo-pluginu-wordcamp-praha\/\" target=\"_blank\">blog.bloxxter.cz<\/a><\/p>\n<p><strong>WordPress jako z\u00e1kladn\u00ed k\u00e1men online magaz\u00ednu<\/strong><br \/>\nB\u011bhem sv\u00e9 p\u0159edn\u00e1\u0161ky na Pra\u017esk\u00e9m WordCampu jsem byl dot\u00e1z\u00e1n, pro\u010d byla pro tvorbu webu parade.com zvolena platforma zalo\u017een\u00e1 na WordPressu, kdy\u017e jsme si celou frontendovou \u010d\u00e1st tak trochu napsali znovu a po sv\u00e9m.<br \/>\n<a title=\"wordpress-jako-zakladni-kamen-online-magazinu\" href=\"http:\/\/david.binda.cz\/wordpress-jako-zakladni-kamen-online-magazinu\" target=\"_blank\">david.binda.cz<\/a><\/p>\n<p><strong>WordPress a affiliate \u2013 moje p\u0159edn\u00e1\u0161ka na WordCamp Praha 2014<\/strong><br \/>\n22.2.2014 prob\u011bhl sv\u00e1tek v\u0161ech WordPress\u00e1k\u016f \u2013 WordPress WordCamp Praha 2014. I j\u00e1 jsem p\u0159isp\u011bl svoj\u00ed p\u0159edn\u00e1\u0161kou, kde jsem se pokusil popsat affiliate marketing na WordPressu z n\u011bkolika r\u016fzn\u00fdch pohled\u016f.<br \/>\n<a title=\"wordpress-affiliate-moje-prednaska-wordcamp-praha-2014\" href=\"http:\/\/www.tomasponer.cz\/wordpress-affiliate-moje-prednaska-wordcamp-praha-2014\/\" target=\"_blank\">tomasponer.cz<\/a><\/p>\n<p><strong>Dv\u011b soboty s CMS: Jak\u00fd byl WordCamp a Joomla! Day<\/strong><br \/>\nPosledn\u00ed sobotu v \u00fanoru a prvn\u00ed sobotu v b\u0159eznu se konaly, v \u010cesk\u00e9 republice v\u016fbec poprv\u00e9, dv\u011b ud\u00e1losti: WordCamp Praha a Joomla! Day Prague. WordCamp Praha jako setk\u00e1n\u00ed p\u0159\u00edznivc\u016f a u\u017eivatel\u016f CMS WordPress, Joomla! Day jako setk\u00e1n\u00ed p\u0159\u00edznivc\u016f a u\u017eivatel\u016f CMS Joomla!.<br \/>\n<a title=\" Dv\u011b soboty s CMS: Jak\u00fd byl WordCamp a Joomla! Day\" href=\"http:\/\/www.internetprovsechny.cz\/dve-soboty-s-cms-jaky-byl-wordcamp-a-joomla-day\/\" target=\"_blank\">internetprovsechny.cz<\/a><\/p>\n","protected":false},"excerpt":{"rendered":"<p>Jak\u00fd byl WordCamp Praha 2014 V sobotu 22. \u00fanora 2014 prob\u011bhla prvn\u00ed \u010desk\u00e1 konference v\u011bnovan\u00e1 jen WordPressu. Bylo na \u010dase. Ne\u0161lo jen o samotou konferenci, ale o mnoho d\u016fle\u017eit\u011bj\u0161\u00edch v\u011bc\u00ed. e-ott.info Report: WordCamp Prague 2014 Pra\u017esk\u00fd WordCamp 2014 bylo setk\u00e1n\u00ed v\u0161ech p\u0159\u00edznivc\u016f redak\u010dn\u00edho syst\u00e9mu WordPress, kter\u00fd nap\u0159\u00edklad i j\u00e1 pou\u017e\u00edv\u00e1m na sv\u00e9m blogu. Se\u0161ly se &hellip; <a href=\"https:\/\/prague.wordcamp.org\/2014\/napsali-o-nas\/\" class=\"more-link\">Pokra\u010dova\u0165 na <span class=\"screen-reader-text\">Napsali o WordCampu<\/span> <span class=\"meta-nav\">&rarr;<\/span><\/a><\/p>\n","protected":false},"author":3999955,"featured_media":0,"parent":0,"menu_order":0,"comment_status":"closed","ping_status":"closed","template":"","meta":{"_crdt_document":"","jetpack_post_was_ever_published":false,"footnotes":""},"class_list":["post-451703","page","type-page","status-publish","hentry"],"jetpack_sharing_enabled":true,"_links":{"self":[{"href":"https:\/\/prague.wordcamp.org\/2014\/wp-json\/wp\/v2\/pages\/451703","targetHints":{"allow":["GET"]}}],"collection":[{"href":"https:\/\/prague.wordcamp.org\/2014\/wp-json\/wp\/v2\/pages"}],"about":[{"href":"https:\/\/prague.wordcamp.org\/2014\/wp-json\/wp\/v2\/types\/page"}],"author":[{"embeddable":true,"href":"https:\/\/prague.wordcamp.org\/2014\/wp-json\/wp\/v2\/users\/3999955"}],"replies":[{"embeddable":true,"href":"https:\/\/prague.wordcamp.org\/2014\/wp-json\/wp\/v2\/comments?post=451703"}],"version-history":[{"count":25,"href":"https:\/\/prague.wordcamp.org\/2014\/wp-json\/wp\/v2\/pages\/451703\/revisions"}],"predecessor-version":[{"id":655124,"href":"https:\/\/prague.wordcamp.org\/2014\/wp-json\/wp\/v2\/pages\/451703\/revisions\/655124"}],"wp:attachment":[{"href":"https:\/\/prague.wordcamp.org\/2014\/wp-json\/wp\/v2\/media?parent=451703"}],"curies":[{"name":"wp","href":"https:\/\/api.w.org\/{rel}","templated":true}]}}